{"id":1160,"date":"2021-07-25T21:17:34","date_gmt":"2021-07-25T21:17:34","guid":{"rendered":"http:\/\/mge.ubiobio.cl\/?page_id=1160"},"modified":"2021-07-25T21:21:30","modified_gmt":"2021-07-25T21:21:30","slug":"becas-y-beneficios","status":"publish","type":"page","link":"http:\/\/mge.ubiobio.cl\/index.php\/becas-y-beneficios\/","title":{"rendered":"Becas y Beneficios"},"content":{"rendered":"\n<p>El estudiantado que postule y\/o curse el Mag\u00edster en Gesti\u00f3n de Empresas podr\u00e1 optar a los siguientes beneficios institucionales:<\/p>\n\n\n\n<ul class=\"wp-block-list\"><li><strong>Beca Arancel de Matr\u00edcula:\u00a0<\/strong>Consistir\u00e1 en un aporte en dinero para costear el arancel de matr\u00edcula que corresponda, con un monto m\u00e1ximo anual de cincuenta Unidades de Fomento (50 U.F.).<\/li><li><strong>Beca de Investigaci\u00f3n de Postgrado:\u00a0<\/strong>Consistir\u00e1 en la entrega al alumno\/a beneficiado\/a del equivalente en moneda nacional de una cantidad m\u00e1xima anual de cien Unidades de Fomento (100 U.F.).<\/li><li><strong>Beca Participaci\u00f3n de Eventos Nacionales e Internacionales:\u00a0<\/strong>El monto m\u00e1ximo asignable por cada Beca ser\u00e1 de US$1.500 para participaci\u00f3n en eventos internacionales y de 10 UF para participaci\u00f3n en eventos nacionales.<\/li><li><strong>Beca de Exenci\u00f3n de Aranceles para Extranjeros Supernumerarios:<\/strong>\u00a0Cada a\u00f1o la Universidad ofrecer\u00e1 vacantes para extranjeros\/as en cada Programa de Doctorado que imparta, un m\u00e1ximo de dos (2) vacantes, y una (1) para Mag\u00edster por programa, teniendo como beneficio la liberaci\u00f3n de aranceles anuales si demuestra tener los recursos para manutenci\u00f3n. En retribuci\u00f3n el\/la becario\/a deber\u00e1 efectuar labores de apoyo a la docencia de Pregrado bajo la supervisi\u00f3n de un\/a acad\u00e9mico\/a.<\/li><li><strong>Beca Docente:\u00a0<\/strong>Esta beca beneficia al estudiantado de Postgrado hasta con el 50% de liberaci\u00f3n de matr\u00edcula y aranceles, debiendo a cambio de ello dictar docencia y\/o talleres en Pregrado, bajo la supervisi\u00f3n de un\/a acad\u00e9mico\/a responsable.<\/li><li><strong>Beca Articulaci\u00f3n pregrado postgrado:\u00a0<\/strong>Consiste en la exenci\u00f3n del pago de arancel anual de matr\u00edcula por todo el primer a\u00f1o del respectivo programa de Postgrado, al estudiantado seleccionado y que cumpla con los requisitos de excelencia acad\u00e9mica.<\/li><li><strong>Beca Funcionario e hijos de funcionario:\u00a0<\/strong>Otorga una exenci\u00f3n del 50% del valor del arancel anual de las carreras y programas de Postgrado que imparte la Universidad.<\/li><\/ul>\n\n\n\n<p>Para ver requisitos y exigencias de postulaci\u00f3n ir a la\u00a0<a rel=\"noreferrer noopener\" href=\"http:\/\/www.ubiobio.cl\/postgrados\/#Becas\" target=\"_blank\">Escuela de Graduados<\/a>.<\/p>\n","protected":false},"excerpt":{"rendered":"<p>El estudiantado que postule y\/o curse el Mag\u00edster en Gesti\u00f3n de Empresas podr\u00e1 optar a los siguientes beneficios institucionales: Beca Arancel de Matr\u00edcula:\u00a0Consistir\u00e1 en un aporte en dinero para costear el arancel de matr\u00edcula que corresponda, con un monto m\u00e1ximo anual de cincuenta Unidades de Fomento (50 U.F.). Beca de Investigaci\u00f3n de Postgrado:\u00a0Consistir\u00e1 en la [&hellip;]<\/p>\n","protected":false},"author":1,"featured_media":0,"parent":0,"menu_order":0,"comment_status":"closed","ping_status":"closed","template":"","meta":{"footnotes":""},"class_list":["post-1160","page","type-page","status-publish","hentry"],"_links":{"self":[{"href":"http:\/\/mge.ubiobio.cl\/index.php\/wp-json\/wp\/v2\/pages\/1160","targetHints":{"allow":["GET"]}}],"collection":[{"href":"http:\/\/mge.ubiobio.cl\/index.php\/wp-json\/wp\/v2\/pages"}],"about":[{"href":"http:\/\/mge.ubiobio.cl\/index.php\/wp-json\/wp\/v2\/types\/page"}],"author":[{"embeddable":true,"href":"http:\/\/mge.ubiobio.cl\/index.php\/wp-json\/wp\/v2\/users\/1"}],"replies":[{"embeddable":true,"href":"http:\/\/mge.ubiobio.cl\/index.php\/wp-json\/wp\/v2\/comments?post=1160"}],"version-history":[{"count":4,"href":"http:\/\/mge.ubiobio.cl\/index.php\/wp-json\/wp\/v2\/pages\/1160\/revisions"}],"predecessor-version":[{"id":1165,"href":"http:\/\/mge.ubiobio.cl\/index.php\/wp-json\/wp\/v2\/pages\/1160\/revisions\/1165"}],"wp:attachment":[{"href":"http:\/\/mge.ubiobio.cl\/index.php\/wp-json\/wp\/v2\/media?parent=1160"}],"curies":[{"name":"wp","href":"https:\/\/api.w.org\/{rel}","templated":true}]}}