{"id":1386,"date":"2022-09-12T19:05:48","date_gmt":"2022-09-12T19:05:48","guid":{"rendered":"http:\/\/mge.ubiobio.cl\/?page_id=1386"},"modified":"2025-12-20T15:29:11","modified_gmt":"2025-12-20T15:29:11","slug":"perfil-de-egreso","status":"publish","type":"page","link":"http:\/\/mge.ubiobio.cl\/index.php\/perfil-de-egreso\/","title":{"rendered":"Perfil de egreso"},"content":{"rendered":"\n<p><strong>PERFIL DE EGRESO A PARTIR DE COHORTE 2024<\/strong><\/p>\n\n\n\n<p>El graduado y la graduada del Mag\u00edster en Gesti\u00f3n de Empresas de la Universidad del B\u00edo-B\u00edo es un y un\/a profesional con especializaci\u00f3n en el \u00e1rea de la gesti\u00f3n empresarial, capaz de desarrollar y gestionar soluciones eficaces y eficientes para las problem\u00e1ticas de las organizaciones, en un mundo globalizado, con responsabilidad social y una visi\u00f3n integradora de la gesti\u00f3n y los sistemas y tecnolog\u00edas de informaci\u00f3n, aportando con ello valor a las organizaciones y su entorno, a nivel local y nacional.<\/p>\n\n\n\n\n\n\n\n\n\n<p><\/p>\n","protected":false},"excerpt":{"rendered":"<p>PERFIL DE EGRESO A PARTIR DE COHORTE 2024 El graduado y la graduada del Mag\u00edster en Gesti\u00f3n de Empresas de la Universidad del B\u00edo-B\u00edo es un y un\/a profesional con especializaci\u00f3n en el \u00e1rea de la gesti\u00f3n empresarial, capaz de desarrollar y gestionar soluciones eficaces y eficientes para las problem\u00e1ticas de las organizaciones, en un [&hellip;]<\/p>\n","protected":false},"author":1,"featured_media":0,"parent":0,"menu_order":0,"comment_status":"closed","ping_status":"closed","template":"","meta":{"footnotes":""},"class_list":["post-1386","page","type-page","status-publish","hentry"],"_links":{"self":[{"href":"http:\/\/mge.ubiobio.cl\/index.php\/wp-json\/wp\/v2\/pages\/1386","targetHints":{"allow":["GET"]}}],"collection":[{"href":"http:\/\/mge.ubiobio.cl\/index.php\/wp-json\/wp\/v2\/pages"}],"about":[{"href":"http:\/\/mge.ubiobio.cl\/index.php\/wp-json\/wp\/v2\/types\/page"}],"author":[{"embeddable":true,"href":"http:\/\/mge.ubiobio.cl\/index.php\/wp-json\/wp\/v2\/users\/1"}],"replies":[{"embeddable":true,"href":"http:\/\/mge.ubiobio.cl\/index.php\/wp-json\/wp\/v2\/comments?post=1386"}],"version-history":[{"count":4,"href":"http:\/\/mge.ubiobio.cl\/index.php\/wp-json\/wp\/v2\/pages\/1386\/revisions"}],"predecessor-version":[{"id":3888,"href":"http:\/\/mge.ubiobio.cl\/index.php\/wp-json\/wp\/v2\/pages\/1386\/revisions\/3888"}],"wp:attachment":[{"href":"http:\/\/mge.ubiobio.cl\/index.php\/wp-json\/wp\/v2\/media?parent=1386"}],"curies":[{"name":"wp","href":"https:\/\/api.w.org\/{rel}","templated":true}]}}