{"id":1405,"date":"2022-09-21T14:15:51","date_gmt":"2022-09-21T14:15:51","guid":{"rendered":"http:\/\/mge.ubiobio.cl\/?page_id=1405"},"modified":"2025-12-20T15:30:02","modified_gmt":"2025-12-20T15:30:02","slug":"requisitos-de-graduacion","status":"publish","type":"page","link":"http:\/\/mge.ubiobio.cl\/index.php\/requisitos-de-graduacion\/","title":{"rendered":"Requisitos de graduaci\u00f3n"},"content":{"rendered":"\n<p><strong>REQUISITOS DE GRADUACI\u00d3N A PARTIR DE COHORTE 2024<\/strong><\/p>\n\n\n\n<p>El grado acad\u00e9mico de Mag\u00edster en gesti\u00f3n de empresas se otorgar\u00e1 al estudiante que cumpla los siguientes requisitos, demostrando con ello haber adquirido las competencias declaradas en el respectivo perfil de egreso:<\/p>\n\n\n\n<p>-Haber aprobado todas las actividades acad\u00e9micas contempladas en el Plan de Estudios, correspondientes a 70 cr\u00e9ditos SCT, incluyendo la Actividad de Graduaci\u00f3n.<\/p>\n\n\n\n<p>-Haber obtenido en cada una de las asignaturas del programa una calificaci\u00f3n final igual o superior a 5,0.<\/p>\n\n\n\n<p>-Cumplir con los requisitos de graduaci\u00f3n institucional sobre suficiencia idiom\u00e1tica: Certificar nivel de idioma ingl\u00e9s de B1 para Mag\u00edster.<\/p>\n\n\n\n\n\n\n\n\n","protected":false},"excerpt":{"rendered":"<p>REQUISITOS DE GRADUACI\u00d3N A PARTIR DE COHORTE 2024 El grado acad\u00e9mico de Mag\u00edster en gesti\u00f3n de empresas se otorgar\u00e1 al estudiante que cumpla los siguientes requisitos, demostrando con ello haber adquirido las competencias declaradas en el respectivo perfil de egreso: -Haber aprobado todas las actividades acad\u00e9micas contempladas en el Plan de Estudios, correspondientes a 70 [&hellip;]<\/p>\n","protected":false},"author":1,"featured_media":0,"parent":0,"menu_order":0,"comment_status":"closed","ping_status":"closed","template":"","meta":{"footnotes":""},"class_list":["post-1405","page","type-page","status-publish","hentry"],"_links":{"self":[{"href":"http:\/\/mge.ubiobio.cl\/index.php\/wp-json\/wp\/v2\/pages\/1405","targetHints":{"allow":["GET"]}}],"collection":[{"href":"http:\/\/mge.ubiobio.cl\/index.php\/wp-json\/wp\/v2\/pages"}],"about":[{"href":"http:\/\/mge.ubiobio.cl\/index.php\/wp-json\/wp\/v2\/types\/page"}],"author":[{"embeddable":true,"href":"http:\/\/mge.ubiobio.cl\/index.php\/wp-json\/wp\/v2\/users\/1"}],"replies":[{"embeddable":true,"href":"http:\/\/mge.ubiobio.cl\/index.php\/wp-json\/wp\/v2\/comments?post=1405"}],"version-history":[{"count":7,"href":"http:\/\/mge.ubiobio.cl\/index.php\/wp-json\/wp\/v2\/pages\/1405\/revisions"}],"predecessor-version":[{"id":3889,"href":"http:\/\/mge.ubiobio.cl\/index.php\/wp-json\/wp\/v2\/pages\/1405\/revisions\/3889"}],"wp:attachment":[{"href":"http:\/\/mge.ubiobio.cl\/index.php\/wp-json\/wp\/v2\/media?parent=1405"}],"curies":[{"name":"wp","href":"https:\/\/api.w.org\/{rel}","templated":true}]}}